{"id":186,"date":"2024-01-12T19:28:58","date_gmt":"2024-01-12T18:28:58","guid":{"rendered":"https:\/\/clubphotosaintcezaire.org\/?page_id=186"},"modified":"2024-02-02T17:34:59","modified_gmt":"2024-02-02T16:34:59","slug":"boite-a-outils","status":"publish","type":"page","link":"https:\/\/clubphotosaintcezaire.org\/index.php\/boite-a-outils\/","title":{"rendered":"Bo\u00eete \u00e0 outils"},"content":{"rendered":"\t\t<div data-elementor-type=\"wp-page\" data-elementor-id=\"186\" class=\"elementor elementor-186\">\n\t\t\t\t<div class=\"elementor-element elementor-element-069dcf9 e-flex e-con-boxed e-con e-parent\" data-id=\"069dcf9\" data-element_type=\"container\">\n\t\t\t\t\t<div class=\"e-con-inner\">\n\t\t\t\t<div class=\"elementor-element elementor-element-5816827 elementor-widget elementor-widget-spacer\" data-id=\"5816827\" data-element_type=\"widget\" data-widget_type=\"spacer.default\">\n\t\t\t\t<div class=\"elementor-widget-container\">\n\t\t\t\t\t\t\t<div class=\"elementor-spacer\">\n\t\t\t<div class=\"elementor-spacer-inner\"><\/div>\n\t\t<\/div>\n\t\t\t\t\t\t<\/div>\n\t\t\t\t<\/div>\n\t\t\t\t\t<\/div>\n\t\t\t\t<\/div>\n\t\t<div class=\"elementor-element elementor-element-0ad214b e-flex e-con-boxed e-con e-parent\" data-id=\"0ad214b\" data-element_type=\"container\">\n\t\t\t\t\t<div class=\"e-con-inner\">\n\t\t\t\t<div class=\"elementor-element elementor-element-294d01c elementor-widget elementor-widget-heading\" data-id=\"294d01c\" data-element_type=\"widget\" data-widget_type=\"heading.default\">\n\t\t\t\t<div class=\"elementor-widget-container\">\n\t\t\t\t\t<h2 class=\"elementor-heading-title elementor-size-default\">BO\u00ceTE A OUTILS LOGICIELS<\/h2>\t\t\t\t<\/div>\n\t\t\t\t<\/div>\n\t\t\t\t\t<\/div>\n\t\t\t\t<\/div>\n\t\t<div class=\"elementor-element elementor-element-33e1eb4 e-flex e-con-boxed e-con e-parent\" data-id=\"33e1eb4\" data-element_type=\"container\">\n\t\t\t\t\t<div class=\"e-con-inner\">\n\t\t\t\t<div class=\"elementor-element elementor-element-a8487a5 elementor-widget elementor-widget-spacer\" data-id=\"a8487a5\" data-element_type=\"widget\" data-widget_type=\"spacer.default\">\n\t\t\t\t<div class=\"elementor-widget-container\">\n\t\t\t\t\t\t\t<div class=\"elementor-spacer\">\n\t\t\t<div class=\"elementor-spacer-inner\"><\/div>\n\t\t<\/div>\n\t\t\t\t\t\t<\/div>\n\t\t\t\t<\/div>\n\t\t\t\t\t<\/div>\n\t\t\t\t<\/div>\n\t\t<div class=\"elementor-element elementor-element-290a8a5 e-flex e-con-boxed e-con e-parent\" data-id=\"290a8a5\" data-element_type=\"container\">\n\t\t\t\t\t<div class=\"e-con-inner\">\n\t\t<div class=\"elementor-element elementor-element-eeaedf3 e-con-full e-flex e-con e-child\" data-id=\"eeaedf3\" data-element_type=\"container\">\n\t\t\t\t<div class=\"elementor-element elementor-element-25187be elementor-widget elementor-widget-text-editor\" data-id=\"25187be\" data-element_type=\"widget\" data-widget_type=\"text-editor.default\">\n\t\t\t\t<div class=\"elementor-widget-container\">\n\t\t\t\t\t\t\t\t\t<p><em><strong>Applications Web pour \u00ab\u00a0Modifier, convertir, cr\u00e9er\u00a0\u00bb<\/strong><\/em><\/p><ul><li>Outils vid\u00e9o<\/li><li>Outils audio<\/li><li>Outils PDF<\/li><li>Convertisseur<\/li><\/ul>\t\t\t\t\t\t\t\t<\/div>\n\t\t\t\t<\/div>\n\t\t\t\t<\/div>\n\t\t<div class=\"elementor-element elementor-element-7d09239 e-con-full e-flex e-con e-child\" data-id=\"7d09239\" data-element_type=\"container\">\n\t\t\t\t<div class=\"elementor-element elementor-element-ab96a9a elementor-align-center elementor-widget elementor-widget-button\" data-id=\"ab96a9a\" data-element_type=\"widget\" data-widget_type=\"button.default\">\n\t\t\t\t<div class=\"elementor-widget-container\">\n\t\t\t\t\t\t\t\t\t<div class=\"elementor-button-wrapper\">\n\t\t\t\t\t<a class=\"elementor-button elementor-button-link elementor-size-lg elementor-animation-grow\" href=\"https:\/\/123apps.com\/fr\/\">\n\t\t\t\t\t\t<span class=\"elementor-button-content-wrapper\">\n\t\t\t\t\t\t<span class=\"elementor-button-icon\">\n\t\t\t\t<svg aria-hidden=\"true\" class=\"e-font-icon-svg e-far-eye\" viewBox=\"0 0 576 512\" xmlns=\"http:\/\/www.w3.org\/2000\/svg\"><path d=\"M288 144a110.94 110.94 0 0 0-31.24 5 55.4 55.4 0 0 1 7.24 27 56 56 0 0 1-56 56 55.4 55.4 0 0 1-27-7.24A111.71 111.71 0 1 0 288 144zm284.52 97.4C518.29 135.59 410.93 64 288 64S57.68 135.64 3.48 241.41a32.35 32.35 0 0 0 0 29.19C57.71 376.41 165.07 448 288 448s230.32-71.64 284.52-177.41a32.35 32.35 0 0 0 0-29.19zM288 400c-98.65 0-189.09-55-237.93-144C98.91 167 189.34 112 288 112s189.09 55 237.93 144C477.1 345 386.66 400 288 400z\"><\/path><\/svg>\t\t\t<\/span>\n\t\t\t\t\t\t\t\t\t<span class=\"elementor-button-text\">123APPS<\/span>\n\t\t\t\t\t<\/span>\n\t\t\t\t\t<\/a>\n\t\t\t\t<\/div>\n\t\t\t\t\t\t\t\t<\/div>\n\t\t\t\t<\/div>\n\t\t\t\t<\/div>\n\t\t\t\t\t<\/div>\n\t\t\t\t<\/div>\n\t\t<div class=\"elementor-element elementor-element-7a435e9 e-flex e-con-boxed e-con e-parent\" data-id=\"7a435e9\" data-element_type=\"container\">\n\t\t\t\t\t<div class=\"e-con-inner\">\n\t\t\t\t<div class=\"elementor-element elementor-element-a4d25b0 elementor-widget elementor-widget-spacer\" data-id=\"a4d25b0\" data-element_type=\"widget\" data-widget_type=\"spacer.default\">\n\t\t\t\t<div class=\"elementor-widget-container\">\n\t\t\t\t\t\t\t<div class=\"elementor-spacer\">\n\t\t\t<div class=\"elementor-spacer-inner\"><\/div>\n\t\t<\/div>\n\t\t\t\t\t\t<\/div>\n\t\t\t\t<\/div>\n\t\t\t\t\t<\/div>\n\t\t\t\t<\/div>\n\t\t<div class=\"elementor-element elementor-element-838925b e-flex e-con-boxed e-con e-parent\" data-id=\"838925b\" data-element_type=\"container\">\n\t\t\t\t\t<div class=\"e-con-inner\">\n\t\t<div class=\"elementor-element elementor-element-4c29e93 e-con-full e-flex e-con e-child\" data-id=\"4c29e93\" data-element_type=\"container\">\n\t\t\t\t<div class=\"elementor-element elementor-element-7214410 elementor-widget elementor-widget-text-editor\" data-id=\"7214410\" data-element_type=\"widget\" data-widget_type=\"text-editor.default\">\n\t\t\t\t<div class=\"elementor-widget-container\">\n\t\t\t\t\t\t\t\t\t<p><em><strong>TinyWow<\/strong>\u00a0 <\/em>est une bo\u00eete \u00e0 outils gratuite (sans cr\u00e9ation de compte n\u00e9cessaire) proposant un nombre impressionnant d\u2019outils pour g\u00e9rer des images, des vid\u00e9os, des PDF, des sons et autres formats de fichiers.<\/p>\t\t\t\t\t\t\t\t<\/div>\n\t\t\t\t<\/div>\n\t\t\t\t<\/div>\n\t\t<div class=\"elementor-element elementor-element-6598532 e-con-full e-flex e-con e-child\" data-id=\"6598532\" data-element_type=\"container\">\n\t\t\t\t<div class=\"elementor-element elementor-element-e33b688 elementor-align-center elementor-widget elementor-widget-button\" data-id=\"e33b688\" data-element_type=\"widget\" data-widget_type=\"button.default\">\n\t\t\t\t<div class=\"elementor-widget-container\">\n\t\t\t\t\t\t\t\t\t<div class=\"elementor-button-wrapper\">\n\t\t\t\t\t<a class=\"elementor-button elementor-button-link elementor-size-lg elementor-animation-grow\" href=\"https:\/\/tinywow.com\/\">\n\t\t\t\t\t\t<span class=\"elementor-button-content-wrapper\">\n\t\t\t\t\t\t<span class=\"elementor-button-icon\">\n\t\t\t\t<svg aria-hidden=\"true\" class=\"e-font-icon-svg e-far-eye\" viewBox=\"0 0 576 512\" xmlns=\"http:\/\/www.w3.org\/2000\/svg\"><path d=\"M288 144a110.94 110.94 0 0 0-31.24 5 55.4 55.4 0 0 1 7.24 27 56 56 0 0 1-56 56 55.4 55.4 0 0 1-27-7.24A111.71 111.71 0 1 0 288 144zm284.52 97.4C518.29 135.59 410.93 64 288 64S57.68 135.64 3.48 241.41a32.35 32.35 0 0 0 0 29.19C57.71 376.41 165.07 448 288 448s230.32-71.64 284.52-177.41a32.35 32.35 0 0 0 0-29.19zM288 400c-98.65 0-189.09-55-237.93-144C98.91 167 189.34 112 288 112s189.09 55 237.93 144C477.1 345 386.66 400 288 400z\"><\/path><\/svg>\t\t\t<\/span>\n\t\t\t\t\t\t\t\t\t<span class=\"elementor-button-text\">TinyWow<\/span>\n\t\t\t\t\t<\/span>\n\t\t\t\t\t<\/a>\n\t\t\t\t<\/div>\n\t\t\t\t\t\t\t\t<\/div>\n\t\t\t\t<\/div>\n\t\t\t\t<\/div>\n\t\t\t\t\t<\/div>\n\t\t\t\t<\/div>\n\t\t<div class=\"elementor-element elementor-element-98e9672 e-flex e-con-boxed e-con e-parent\" data-id=\"98e9672\" data-element_type=\"container\">\n\t\t\t\t\t<div class=\"e-con-inner\">\n\t\t\t\t<div class=\"elementor-element elementor-element-27ea842 elementor-widget elementor-widget-spacer\" data-id=\"27ea842\" data-element_type=\"widget\" data-widget_type=\"spacer.default\">\n\t\t\t\t<div class=\"elementor-widget-container\">\n\t\t\t\t\t\t\t<div class=\"elementor-spacer\">\n\t\t\t<div class=\"elementor-spacer-inner\"><\/div>\n\t\t<\/div>\n\t\t\t\t\t\t<\/div>\n\t\t\t\t<\/div>\n\t\t\t\t\t<\/div>\n\t\t\t\t<\/div>\n\t\t<div class=\"elementor-element elementor-element-67ca225 e-flex e-con-boxed e-con e-parent\" data-id=\"67ca225\" data-element_type=\"container\">\n\t\t\t\t\t<div class=\"e-con-inner\">\n\t\t<div class=\"elementor-element elementor-element-0fc1423 e-con-full e-flex e-con e-child\" data-id=\"0fc1423\" data-element_type=\"container\">\n\t\t\t\t<div class=\"elementor-element elementor-element-883c1ab elementor-widget elementor-widget-text-editor\" data-id=\"883c1ab\" data-element_type=\"widget\" data-widget_type=\"text-editor.default\">\n\t\t\t\t<div class=\"elementor-widget-container\">\n\t\t\t\t\t\t\t\t\t<p><em><b>AlternativeTo<\/b> \u00a0 <\/em>est un <a title=\"Site web\" href=\"https:\/\/fr.wikipedia.org\/wiki\/Site_web\">site web<\/a> qui r\u00e9pertorie les alternatives aux <a title=\"Application web\" href=\"https:\/\/fr.wikipedia.org\/wiki\/Application_web\">application web<\/a>, aux <a title=\"Application (informatique)\" href=\"https:\/\/fr.wikipedia.org\/wiki\/Application_(informatique)\">logiciels de bureau<\/a> et aux <a title=\"Application mobile\" href=\"https:\/\/fr.wikipedia.org\/wiki\/Application_mobile\">applications mobiles<\/a>, et qui les classe selon divers crit\u00e8res, notamment le nombre d&rsquo;utilisateurs enregistr\u00e9s qui ont cliqu\u00e9 sur le bouton <a title=\"Bouton j'aime\" href=\"https:\/\/fr.wikipedia.org\/wiki\/Bouton_j%27aime\">\u00ab\u00a0J&rsquo;aime\u00a0\u00bb<\/a> pour chacune d&rsquo;entre elles sur AlternativeTo<sup id=\"cite_ref-downloadsquad_1-0\" class=\"reference\"><\/sup>.<\/p><p>Les utilisateurs peuvent effectuer des recherches sur le site pour trouver de meilleures alternatives \u00e0 une application qu&rsquo;ils utilisent ou ont utilis\u00e9, y compris des alternatives gratuites telles qu&rsquo;une application web gratuite ( <a title=\"Cloud computing\" href=\"https:\/\/fr.wikipedia.org\/wiki\/Cloud_computing\">cloud computing<\/a> ) qui ne n\u00e9cessite aucune installation et \u00e0 laquelle on peut acc\u00e9der depuis n&rsquo;importe quel navigateur<sup id=\"cite_ref-voa_2-0\" class=\"reference\"><\/sup>.<\/p>\t\t\t\t\t\t\t\t<\/div>\n\t\t\t\t<\/div>\n\t\t\t\t<\/div>\n\t\t<div class=\"elementor-element elementor-element-3d177ed e-con-full e-flex e-con e-child\" data-id=\"3d177ed\" data-element_type=\"container\">\n\t\t\t\t<div class=\"elementor-element elementor-element-4ae53f0 elementor-align-center elementor-widget elementor-widget-button\" data-id=\"4ae53f0\" data-element_type=\"widget\" data-widget_type=\"button.default\">\n\t\t\t\t<div class=\"elementor-widget-container\">\n\t\t\t\t\t\t\t\t\t<div class=\"elementor-button-wrapper\">\n\t\t\t\t\t<a class=\"elementor-button elementor-button-link elementor-size-lg elementor-animation-grow\" href=\"https:\/\/alternativeto.net\/\">\n\t\t\t\t\t\t<span class=\"elementor-button-content-wrapper\">\n\t\t\t\t\t\t<span class=\"elementor-button-icon\">\n\t\t\t\t<svg aria-hidden=\"true\" class=\"e-font-icon-svg e-far-eye\" viewBox=\"0 0 576 512\" xmlns=\"http:\/\/www.w3.org\/2000\/svg\"><path d=\"M288 144a110.94 110.94 0 0 0-31.24 5 55.4 55.4 0 0 1 7.24 27 56 56 0 0 1-56 56 55.4 55.4 0 0 1-27-7.24A111.71 111.71 0 1 0 288 144zm284.52 97.4C518.29 135.59 410.93 64 288 64S57.68 135.64 3.48 241.41a32.35 32.35 0 0 0 0 29.19C57.71 376.41 165.07 448 288 448s230.32-71.64 284.52-177.41a32.35 32.35 0 0 0 0-29.19zM288 400c-98.65 0-189.09-55-237.93-144C98.91 167 189.34 112 288 112s189.09 55 237.93 144C477.1 345 386.66 400 288 400z\"><\/path><\/svg>\t\t\t<\/span>\n\t\t\t\t\t\t\t\t\t<span class=\"elementor-button-text\">AlternativTo<\/span>\n\t\t\t\t\t<\/span>\n\t\t\t\t\t<\/a>\n\t\t\t\t<\/div>\n\t\t\t\t\t\t\t\t<\/div>\n\t\t\t\t<\/div>\n\t\t\t\t<\/div>\n\t\t\t\t\t<\/div>\n\t\t\t\t<\/div>\n\t\t<div class=\"elementor-element elementor-element-0eb06d6 e-flex e-con-boxed e-con e-parent\" data-id=\"0eb06d6\" data-element_type=\"container\">\n\t\t\t\t\t<div class=\"e-con-inner\">\n\t\t\t\t<div class=\"elementor-element elementor-element-d8d781c elementor-widget-divider--view-line elementor-widget elementor-widget-divider\" data-id=\"d8d781c\" data-element_type=\"widget\" data-widget_type=\"divider.default\">\n\t\t\t\t<div class=\"elementor-widget-container\">\n\t\t\t\t\t\t\t<div class=\"elementor-divider\">\n\t\t\t<span class=\"elementor-divider-separator\">\n\t\t\t\t\t\t<\/span>\n\t\t<\/div>\n\t\t\t\t\t\t<\/div>\n\t\t\t\t<\/div>\n\t\t\t\t\t<\/div>\n\t\t\t\t<\/div>\n\t\t<div class=\"elementor-element elementor-element-c9d6c2b e-flex e-con-boxed e-con e-parent\" data-id=\"c9d6c2b\" data-element_type=\"container\">\n\t\t\t\t\t<div class=\"e-con-inner\">\n\t\t\t\t<div class=\"elementor-element elementor-element-3a39943 elementor-widget elementor-widget-spacer\" data-id=\"3a39943\" data-element_type=\"widget\" data-widget_type=\"spacer.default\">\n\t\t\t\t<div class=\"elementor-widget-container\">\n\t\t\t\t\t\t\t<div class=\"elementor-spacer\">\n\t\t\t<div class=\"elementor-spacer-inner\"><\/div>\n\t\t<\/div>\n\t\t\t\t\t\t<\/div>\n\t\t\t\t<\/div>\n\t\t\t\t\t<\/div>\n\t\t\t\t<\/div>\n\t\t<div class=\"elementor-element elementor-element-8aef726 e-flex e-con-boxed e-con e-parent\" data-id=\"8aef726\" data-element_type=\"container\">\n\t\t\t\t\t<div class=\"e-con-inner\">\n\t\t\t\t<div class=\"elementor-element elementor-element-e5a0202 elementor-widget elementor-widget-heading\" data-id=\"e5a0202\" data-element_type=\"widget\" data-widget_type=\"heading.default\">\n\t\t\t\t<div class=\"elementor-widget-container\">\n\t\t\t\t\t<h2 class=\"elementor-heading-title elementor-size-default\">BO\u00ceTE A OUTILS ATELIERS\n<\/h2>\t\t\t\t<\/div>\n\t\t\t\t<\/div>\n\t\t\t\t\t<\/div>\n\t\t\t\t<\/div>\n\t\t<div class=\"elementor-element elementor-element-a3c9d84 e-flex e-con-boxed e-con e-parent\" data-id=\"a3c9d84\" data-element_type=\"container\">\n\t\t\t\t\t<div class=\"e-con-inner\">\n\t\t\t\t<div class=\"elementor-element elementor-element-60caa26 elementor-widget elementor-widget-spacer\" data-id=\"60caa26\" data-element_type=\"widget\" data-widget_type=\"spacer.default\">\n\t\t\t\t<div class=\"elementor-widget-container\">\n\t\t\t\t\t\t\t<div class=\"elementor-spacer\">\n\t\t\t<div class=\"elementor-spacer-inner\"><\/div>\n\t\t<\/div>\n\t\t\t\t\t\t<\/div>\n\t\t\t\t<\/div>\n\t\t\t\t\t<\/div>\n\t\t\t\t<\/div>\n\t\t<div class=\"elementor-element elementor-element-79b80f3 e-flex e-con-boxed e-con e-parent\" data-id=\"79b80f3\" data-element_type=\"container\">\n\t\t\t\t\t<div class=\"e-con-inner\">\n\t\t<div class=\"elementor-element elementor-element-d9eaeb3 e-con-full e-flex e-con e-child\" data-id=\"d9eaeb3\" data-element_type=\"container\">\n\t\t\t\t<div class=\"elementor-element elementor-element-50c2da9 elementor-widget elementor-widget-image\" data-id=\"50c2da9\" data-element_type=\"widget\" data-widget_type=\"image.default\">\n\t\t\t\t<div class=\"elementor-widget-container\">\n\t\t\t\t\t\t\t\t\t\t\t\t<figure class=\"wp-caption\">\n\t\t\t\t\t\t\t\t\t\t\t<a href=\"http:\/\/clubphotosaintcezaire.org\/wp-content\/uploads\/2024\/01\/Photos-Numeriques-Theorie_Optimise.pdf\">\n\t\t\t\t\t\t\t<img decoding=\"async\" src=\"https:\/\/clubphotosaintcezaire.org\/wp-content\/uploads\/2024\/01\/camera-2178701_1280-600x600.jpg\" title=\"camera-2178701_1280\" alt=\"camera-2178701_1280\" class=\"elementor-animation-grow\" loading=\"lazy\" \/>\t\t\t\t\t\t\t\t<\/a>\n\t\t\t\t\t\t\t\t\t\t\t<figcaption class=\"widget-image-caption wp-caption-text\">PHOTOS NUM\u00c9RIQUES<\/figcaption>\n\t\t\t\t\t\t\t\t\t\t<\/figure>\n\t\t\t\t\t\t\t\t\t<\/div>\n\t\t\t\t<\/div>\n\t\t\t\t<\/div>\n\t\t<div class=\"elementor-element elementor-element-01c59fa e-con-full e-flex e-con e-child\" data-id=\"01c59fa\" data-element_type=\"container\">\n\t\t\t\t<div class=\"elementor-element elementor-element-bc0f1d6 elementor-widget elementor-widget-image\" data-id=\"bc0f1d6\" data-element_type=\"widget\" data-widget_type=\"image.default\">\n\t\t\t\t<div class=\"elementor-widget-container\">\n\t\t\t\t\t\t\t\t\t\t\t\t<figure class=\"wp-caption\">\n\t\t\t\t\t\t\t\t\t\t\t<a href=\"http:\/\/clubphotosaintcezaire.org\/wp-content\/uploads\/2024\/01\/Profondeur-de-champ.pdf\">\n\t\t\t\t\t\t\t<img decoding=\"async\" src=\"https:\/\/clubphotosaintcezaire.org\/wp-content\/uploads\/2024\/01\/sony-1455032_1280-600x600.jpg\" title=\"sony-1455032_1280\" alt=\"sony-1455032_1280\" class=\"elementor-animation-grow\" loading=\"lazy\" \/>\t\t\t\t\t\t\t\t<\/a>\n\t\t\t\t\t\t\t\t\t\t\t<figcaption class=\"widget-image-caption wp-caption-text\">PROFONDEUR DE CHAMP<\/figcaption>\n\t\t\t\t\t\t\t\t\t\t<\/figure>\n\t\t\t\t\t\t\t\t\t<\/div>\n\t\t\t\t<\/div>\n\t\t\t\t<\/div>\n\t\t<div class=\"elementor-element elementor-element-8cfe521 e-con-full e-flex e-con e-child\" data-id=\"8cfe521\" data-element_type=\"container\">\n\t\t\t\t<div class=\"elementor-element elementor-element-b1f1bc8 elementor-widget elementor-widget-image\" data-id=\"b1f1bc8\" data-element_type=\"widget\" data-widget_type=\"image.default\">\n\t\t\t\t<div class=\"elementor-widget-container\">\n\t\t\t\t\t\t\t\t\t\t\t\t<figure class=\"wp-caption\">\n\t\t\t\t\t\t\t\t\t\t\t<a href=\"http:\/\/clubphotosaintcezaire.org\/wp-content\/uploads\/2024\/01\/INITIATION-Photo-Les-Modes-de-mesure.pdf\">\n\t\t\t\t\t\t\t<img decoding=\"async\" src=\"https:\/\/clubphotosaintcezaire.org\/wp-content\/uploads\/2024\/01\/photographer-424620_1280-600x600.jpg\" title=\"photographer-424620_1280\" alt=\"photographer-424620_1280\" class=\"elementor-animation-grow\" loading=\"lazy\" \/>\t\t\t\t\t\t\t\t<\/a>\n\t\t\t\t\t\t\t\t\t\t\t<figcaption class=\"widget-image-caption wp-caption-text\">LES MODES DE MESURE<\/figcaption>\n\t\t\t\t\t\t\t\t\t\t<\/figure>\n\t\t\t\t\t\t\t\t\t<\/div>\n\t\t\t\t<\/div>\n\t\t\t\t<\/div>\n\t\t<div class=\"elementor-element elementor-element-b455e65 e-con-full e-flex e-con e-child\" data-id=\"b455e65\" data-element_type=\"container\">\n\t\t\t\t<div class=\"elementor-element elementor-element-9464b00 elementor-widget elementor-widget-image\" data-id=\"9464b00\" data-element_type=\"widget\" data-widget_type=\"image.default\">\n\t\t\t\t<div class=\"elementor-widget-container\">\n\t\t\t\t\t\t\t\t\t\t\t\t<figure class=\"wp-caption\">\n\t\t\t\t\t\t\t\t\t\t\t<a href=\"https:\/\/clubphotosaintcezaire.org\/index.php\/atelier-photoshop\/\">\n\t\t\t\t\t\t\t<img decoding=\"async\" src=\"https:\/\/clubphotosaintcezaire.org\/wp-content\/uploads\/2024\/02\/waterfall-1307510_1280-600x600.jpg\" title=\"waterfall-1307510_1280\" alt=\"waterfall-1307510_1280\" loading=\"lazy\" \/>\t\t\t\t\t\t\t\t<\/a>\n\t\t\t\t\t\t\t\t\t\t\t<figcaption class=\"widget-image-caption wp-caption-text\">ATELIER PHOTOSHOP<\/figcaption>\n\t\t\t\t\t\t\t\t\t\t<\/figure>\n\t\t\t\t\t\t\t\t\t<\/div>\n\t\t\t\t<\/div>\n\t\t\t\t<\/div>\n\t\t<div class=\"elementor-element elementor-element-33664a3 e-con-full e-flex e-con e-child\" data-id=\"33664a3\" data-element_type=\"container\">\n\t\t\t\t<\/div>\n\t\t<div class=\"elementor-element elementor-element-ab0f3b0 e-con-full e-flex e-con e-child\" data-id=\"ab0f3b0\" data-element_type=\"container\">\n\t\t\t\t<\/div>\n\t\t\t\t\t<\/div>\n\t\t\t\t<\/div>\n\t\t<div class=\"elementor-element elementor-element-c711e57 e-flex e-con-boxed e-con e-parent\" data-id=\"c711e57\" data-element_type=\"container\">\n\t\t\t\t\t<div class=\"e-con-inner\">\n\t\t\t\t<div class=\"elementor-element elementor-element-b7a7d20 elementor-widget-divider--view-line elementor-widget elementor-widget-divider\" data-id=\"b7a7d20\" data-element_type=\"widget\" data-widget_type=\"divider.default\">\n\t\t\t\t<div class=\"elementor-widget-container\">\n\t\t\t\t\t\t\t<div class=\"elementor-divider\">\n\t\t\t<span class=\"elementor-divider-separator\">\n\t\t\t\t\t\t<\/span>\n\t\t<\/div>\n\t\t\t\t\t\t<\/div>\n\t\t\t\t<\/div>\n\t\t\t\t\t<\/div>\n\t\t\t\t<\/div>\n\t\t\t\t<\/div>\n\t\t","protected":false},"excerpt":{"rendered":"<p>BO\u00ceTE A OUTILS LOGICIELS Applications Web pour \u00ab\u00a0Modifier, convertir, cr\u00e9er\u00a0\u00bb Outils vid\u00e9o Outils audio Outils PDF Convertisseur 123APPS TinyWow\u00a0 est une bo\u00eete \u00e0 outils gratuite (sans cr\u00e9ation de compte n\u00e9cessaire)&#8230;<\/p>\n","protected":false},"author":1,"featured_media":0,"parent":0,"menu_order":0,"comment_status":"closed","ping_status":"closed","template":"elementor_header_footer","meta":{"om_disable_all_campaigns":false,"_monsterinsights_skip_tracking":false,"_monsterinsights_sitenote_active":false,"_monsterinsights_sitenote_note":"","_monsterinsights_sitenote_category":0,"_kadence_starter_templates_imported_post":false,"_kad_post_transparent":"","_kad_post_title":"","_kad_post_layout":"","_kad_post_sidebar_id":"","_kad_post_content_style":"","_kad_post_vertical_padding":"","_kad_post_feature":"","_kad_post_feature_position":"","_kad_post_header":false,"_kad_post_footer":false,"_kad_post_classname":"","footnotes":""},"folder":[],"aioseo_notices":[],"_links":{"self":[{"href":"https:\/\/clubphotosaintcezaire.org\/index.php\/wp-json\/wp\/v2\/pages\/186"}],"collection":[{"href":"https:\/\/clubphotosaintcezaire.org\/index.php\/wp-json\/wp\/v2\/pages"}],"about":[{"href":"https:\/\/clubphotosaintcezaire.org\/index.php\/wp-json\/wp\/v2\/types\/page"}],"author":[{"embeddable":true,"href":"https:\/\/clubphotosaintcezaire.org\/index.php\/wp-json\/wp\/v2\/users\/1"}],"replies":[{"embeddable":true,"href":"https:\/\/clubphotosaintcezaire.org\/index.php\/wp-json\/wp\/v2\/comments?post=186"}],"version-history":[{"count":19,"href":"https:\/\/clubphotosaintcezaire.org\/index.php\/wp-json\/wp\/v2\/pages\/186\/revisions"}],"predecessor-version":[{"id":554,"href":"https:\/\/clubphotosaintcezaire.org\/index.php\/wp-json\/wp\/v2\/pages\/186\/revisions\/554"}],"wp:attachment":[{"href":"https:\/\/clubphotosaintcezaire.org\/index.php\/wp-json\/wp\/v2\/media?parent=186"}],"wp:term":[{"taxonomy":"folder","embeddable":true,"href":"https:\/\/clubphotosaintcezaire.org\/index.php\/wp-json\/wp\/v2\/folder?post=186"}],"curies":[{"name":"wp","href":"https:\/\/api.w.org\/{rel}","templated":true}]}}