{"id":51,"date":"2024-01-11T12:06:52","date_gmt":"2024-01-11T11:06:52","guid":{"rendered":"https:\/\/clubphotosaintcezaire.org\/?page_id=51"},"modified":"2025-09-01T11:38:37","modified_gmt":"2025-09-01T09:38:37","slug":"club","status":"publish","type":"page","link":"https:\/\/clubphotosaintcezaire.org\/index.php\/club\/","title":{"rendered":"Club"},"content":{"rendered":"\t\t<div data-elementor-type=\"wp-page\" data-elementor-id=\"51\" class=\"elementor elementor-51\">\n\t\t\t\t<div class=\"elementor-element elementor-element-265018a e-flex e-con-boxed e-con e-parent\" data-id=\"265018a\" data-element_type=\"container\">\n\t\t\t\t\t<div class=\"e-con-inner\">\n\t\t\t\t<div class=\"elementor-element elementor-element-edd69bb elementor-widget elementor-widget-heading\" data-id=\"edd69bb\" data-element_type=\"widget\" data-widget_type=\"heading.default\">\n\t\t\t\t<div class=\"elementor-widget-container\">\n\t\t\t\t\t<h1 class=\"elementor-heading-title elementor-size-default\">ATELIERS<\/h1>\t\t\t\t<\/div>\n\t\t\t\t<\/div>\n\t\t\t\t\t<\/div>\n\t\t\t\t<\/div>\n\t\t<div class=\"elementor-element elementor-element-37b6f5e e-flex e-con-boxed e-con e-parent\" data-id=\"37b6f5e\" data-element_type=\"container\">\n\t\t\t\t\t<div class=\"e-con-inner\">\n\t\t\t\t<div class=\"elementor-element elementor-element-68b8010 elementor-widget elementor-widget-spacer\" data-id=\"68b8010\" data-element_type=\"widget\" data-widget_type=\"spacer.default\">\n\t\t\t\t<div class=\"elementor-widget-container\">\n\t\t\t\t\t\t\t<div class=\"elementor-spacer\">\n\t\t\t<div class=\"elementor-spacer-inner\"><\/div>\n\t\t<\/div>\n\t\t\t\t\t\t<\/div>\n\t\t\t\t<\/div>\n\t\t\t\t\t<\/div>\n\t\t\t\t<\/div>\n\t\t<div class=\"elementor-element elementor-element-1daec62 e-flex e-con-boxed e-con e-parent\" data-id=\"1daec62\" data-element_type=\"container\">\n\t\t\t\t\t<div class=\"e-con-inner\">\n\t\t\t\t<div class=\"elementor-element elementor-element-8f635e9 elementor-widget elementor-widget-text-editor\" data-id=\"8f635e9\" data-element_type=\"widget\" data-widget_type=\"text-editor.default\">\n\t\t\t\t<div class=\"elementor-widget-container\">\n\t\t\t\t\t\t\t\t\t<p>Ce n\u2019est pas un super mat\u00e9riel qui fait une belle photo,<\/p><p>c&rsquo;est l&rsquo;\u0153il du photographe !<\/p>\t\t\t\t\t\t\t\t<\/div>\n\t\t\t\t<\/div>\n\t\t\t\t\t<\/div>\n\t\t\t\t<\/div>\n\t\t<div class=\"elementor-element elementor-element-cb88b6c e-flex e-con-boxed e-con e-parent\" data-id=\"cb88b6c\" data-element_type=\"container\">\n\t\t\t\t\t<div class=\"e-con-inner\">\n\t\t\t\t<div class=\"elementor-element elementor-element-6554d79 elementor-widget elementor-widget-spacer\" data-id=\"6554d79\" data-element_type=\"widget\" data-widget_type=\"spacer.default\">\n\t\t\t\t<div class=\"elementor-widget-container\">\n\t\t\t\t\t\t\t<div class=\"elementor-spacer\">\n\t\t\t<div class=\"elementor-spacer-inner\"><\/div>\n\t\t<\/div>\n\t\t\t\t\t\t<\/div>\n\t\t\t\t<\/div>\n\t\t\t\t\t<\/div>\n\t\t\t\t<\/div>\n\t\t<div class=\"elementor-element elementor-element-7c968a1 e-flex e-con-boxed e-con e-parent\" data-id=\"7c968a1\" data-element_type=\"container\">\n\t\t\t\t\t<div class=\"e-con-inner\">\n\t\t\t\t<div class=\"elementor-element elementor-element-af99ad7 elementor-widget elementor-widget-spacer\" data-id=\"af99ad7\" data-element_type=\"widget\" data-widget_type=\"spacer.default\">\n\t\t\t\t<div class=\"elementor-widget-container\">\n\t\t\t\t\t\t\t<div class=\"elementor-spacer\">\n\t\t\t<div class=\"elementor-spacer-inner\"><\/div>\n\t\t<\/div>\n\t\t\t\t\t\t<\/div>\n\t\t\t\t<\/div>\n\t\t\t\t\t<\/div>\n\t\t\t\t<\/div>\n\t\t<div class=\"elementor-element elementor-element-91539ff e-flex e-con-boxed e-con e-parent\" data-id=\"91539ff\" data-element_type=\"container\">\n\t\t\t\t\t<div class=\"e-con-inner\">\n\t\t\t\t<div class=\"elementor-element elementor-element-113965e elementor-widget elementor-widget-heading\" data-id=\"113965e\" data-element_type=\"widget\" data-widget_type=\"heading.default\">\n\t\t\t\t<div class=\"elementor-widget-container\">\n\t\t\t\t\t<h2 class=\"elementor-heading-title elementor-size-default\">ATELIERS <\/h2>\t\t\t\t<\/div>\n\t\t\t\t<\/div>\n\t\t\t\t\t<\/div>\n\t\t\t\t<\/div>\n\t\t<div class=\"elementor-element elementor-element-e44647a e-flex e-con-boxed e-con e-parent\" data-id=\"e44647a\" data-element_type=\"container\">\n\t\t\t\t\t<div class=\"e-con-inner\">\n\t\t<div class=\"elementor-element elementor-element-4485d43 e-con-full e-flex e-con e-child\" data-id=\"4485d43\" data-element_type=\"container\">\n\t\t\t\t<div class=\"elementor-element elementor-element-a491706 elementor-widget elementor-widget-image\" data-id=\"a491706\" data-element_type=\"widget\" data-widget_type=\"image.default\">\n\t\t\t\t<div class=\"elementor-widget-container\">\n\t\t\t\t\t\t\t\t\t\t\t\t<figure class=\"wp-caption\">\n\t\t\t\t\t\t\t\t\t\t<img decoding=\"async\" src=\"https:\/\/clubphotosaintcezaire.org\/wp-content\/uploads\/2024\/01\/sunset-5344024_1280-600x600.jpg\" title=\"sunset-5344024_1280\" alt=\"sunset-5344024_1280\" class=\"elementor-animation-bounce-in\" loading=\"lazy\" \/>\t\t\t\t\t\t\t\t\t\t\t<figcaption class=\"widget-image-caption wp-caption-text\">PRISE DE VUE <\/figcaption>\n\t\t\t\t\t\t\t\t\t\t<\/figure>\n\t\t\t\t\t\t\t\t\t<\/div>\n\t\t\t\t<\/div>\n\t\t\t\t<\/div>\n\t\t<div class=\"elementor-element elementor-element-0f5a023 e-con-full e-flex e-con e-child\" data-id=\"0f5a023\" data-element_type=\"container\">\n\t\t\t\t<div class=\"elementor-element elementor-element-0c6bd79 elementor-widget elementor-widget-image\" data-id=\"0c6bd79\" data-element_type=\"widget\" data-widget_type=\"image.default\">\n\t\t\t\t<div class=\"elementor-widget-container\">\n\t\t\t\t\t\t\t\t\t\t\t\t<figure class=\"wp-caption\">\n\t\t\t\t\t\t\t\t\t\t\t<a href=\"http:\/\/clubphotosaintcezaire.org\/wp-content\/uploads\/2024\/03\/01Fiche-atelier-Postproduction.jpg\">\n\t\t\t\t\t\t\t<img decoding=\"async\" src=\"https:\/\/clubphotosaintcezaire.org\/wp-content\/uploads\/2024\/01\/objective-4606047_1280-600x600.jpg\" title=\"objective-4606047_1280\" alt=\"objective-4606047_1280\" class=\"elementor-animation-bounce-in\" loading=\"lazy\" \/>\t\t\t\t\t\t\t\t<\/a>\n\t\t\t\t\t\t\t\t\t\t\t<figcaption class=\"widget-image-caption wp-caption-text\">POST-PRODUCTION<\/figcaption>\n\t\t\t\t\t\t\t\t\t\t<\/figure>\n\t\t\t\t\t\t\t\t\t<\/div>\n\t\t\t\t<\/div>\n\t\t\t\t<\/div>\n\t\t<div class=\"elementor-element elementor-element-f17feb4 e-con-full e-flex e-con e-child\" data-id=\"f17feb4\" data-element_type=\"container\">\n\t\t\t\t<div class=\"elementor-element elementor-element-1b19d9f elementor-widget elementor-widget-image\" data-id=\"1b19d9f\" data-element_type=\"widget\" data-widget_type=\"image.default\">\n\t\t\t\t<div class=\"elementor-widget-container\">\n\t\t\t\t\t\t\t\t\t\t\t\t<figure class=\"wp-caption\">\n\t\t\t\t\t\t\t\t\t\t\t<a href=\"https:\/\/clubphotosaintcezaire.org\/index.php\/elementor-2220\/\">\n\t\t\t\t\t\t\t<img decoding=\"async\" src=\"https:\/\/clubphotosaintcezaire.org\/wp-content\/uploads\/2024\/01\/studio-5769427_1280-600x600.jpg\" title=\"studio-5769427_1280\" alt=\"studio-5769427_1280\" class=\"elementor-animation-bounce-in\" loading=\"lazy\" \/>\t\t\t\t\t\t\t\t<\/a>\n\t\t\t\t\t\t\t\t\t\t\t<figcaption class=\"widget-image-caption wp-caption-text\">PHOTO STUDIO<\/figcaption>\n\t\t\t\t\t\t\t\t\t\t<\/figure>\n\t\t\t\t\t\t\t\t\t<\/div>\n\t\t\t\t<\/div>\n\t\t\t\t<\/div>\n\t\t<div class=\"elementor-element elementor-element-c19a9ed e-con-full e-flex e-con e-child\" data-id=\"c19a9ed\" data-element_type=\"container\">\n\t\t\t\t<div class=\"elementor-element elementor-element-fdb695f elementor-widget elementor-widget-image\" data-id=\"fdb695f\" data-element_type=\"widget\" data-settings=\"{&quot;_animation&quot;:&quot;none&quot;}\" data-widget_type=\"image.default\">\n\t\t\t\t<div class=\"elementor-widget-container\">\n\t\t\t\t\t\t\t\t\t\t\t\t<figure class=\"wp-caption\">\n\t\t\t\t\t\t\t\t\t\t<img decoding=\"async\" src=\"https:\/\/clubphotosaintcezaire.org\/wp-content\/uploads\/2024\/01\/movie-theater-64154_1280-600x600.jpg\" title=\"movie-theater-64154_1280\" alt=\"movie-theater-64154_1280\" class=\"elementor-animation-bounce-in\" loading=\"lazy\" \/>\t\t\t\t\t\t\t\t\t\t\t<figcaption class=\"widget-image-caption wp-caption-text\">DIAPORAMAS<\/figcaption>\n\t\t\t\t\t\t\t\t\t\t<\/figure>\n\t\t\t\t\t\t\t\t\t<\/div>\n\t\t\t\t<\/div>\n\t\t\t\t<\/div>\n\t\t\t\t\t<\/div>\n\t\t\t\t<\/div>\n\t\t<div class=\"elementor-element elementor-element-b7631c8 e-flex e-con-boxed e-con e-parent\" data-id=\"b7631c8\" data-element_type=\"container\">\n\t\t\t\t\t<div class=\"e-con-inner\">\n\t\t\t\t<div class=\"elementor-element elementor-element-5744bbf elementor-widget elementor-widget-spacer\" data-id=\"5744bbf\" data-element_type=\"widget\" data-widget_type=\"spacer.default\">\n\t\t\t\t<div class=\"elementor-widget-container\">\n\t\t\t\t\t\t\t<div class=\"elementor-spacer\">\n\t\t\t<div class=\"elementor-spacer-inner\"><\/div>\n\t\t<\/div>\n\t\t\t\t\t\t<\/div>\n\t\t\t\t<\/div>\n\t\t\t\t\t<\/div>\n\t\t\t\t<\/div>\n\t\t<div class=\"elementor-element elementor-element-104d688 e-flex e-con-boxed e-con e-parent\" data-id=\"104d688\" data-element_type=\"container\">\n\t\t\t\t\t<div class=\"e-con-inner\">\n\t\t\t\t<div class=\"elementor-element elementor-element-db68434 elementor-widget elementor-widget-heading\" data-id=\"db68434\" data-element_type=\"widget\" data-widget_type=\"heading.default\">\n\t\t\t\t<div class=\"elementor-widget-container\">\n\t\t\t\t\t<h2 class=\"elementor-heading-title elementor-size-default\">ATELIERS PR\u00c9VISIONNELS<\/h2>\t\t\t\t<\/div>\n\t\t\t\t<\/div>\n\t\t\t\t\t<\/div>\n\t\t\t\t<\/div>\n\t\t<div class=\"elementor-element elementor-element-6719a31 e-flex e-con-boxed e-con e-parent\" data-id=\"6719a31\" data-element_type=\"container\">\n\t\t\t\t\t<div class=\"e-con-inner\">\n\t\t\t\t<div class=\"elementor-element elementor-element-ebe105d elementor-widget elementor-widget-spacer\" data-id=\"ebe105d\" data-element_type=\"widget\" data-widget_type=\"spacer.default\">\n\t\t\t\t<div class=\"elementor-widget-container\">\n\t\t\t\t\t\t\t<div class=\"elementor-spacer\">\n\t\t\t<div class=\"elementor-spacer-inner\"><\/div>\n\t\t<\/div>\n\t\t\t\t\t\t<\/div>\n\t\t\t\t<\/div>\n\t\t\t\t\t<\/div>\n\t\t\t\t<\/div>\n\t\t<div class=\"elementor-element elementor-element-2a5c41c e-flex e-con-boxed e-con e-parent\" data-id=\"2a5c41c\" data-element_type=\"container\">\n\t\t\t\t\t<div class=\"e-con-inner\">\n\t\t<div class=\"elementor-element elementor-element-ba809ef e-con-full e-flex e-con e-child\" data-id=\"ba809ef\" data-element_type=\"container\">\n\t\t\t\t<div class=\"elementor-element elementor-element-4a7e7b3 elementor-widget elementor-widget-image\" data-id=\"4a7e7b3\" data-element_type=\"widget\" data-widget_type=\"image.default\">\n\t\t\t\t<div class=\"elementor-widget-container\">\n\t\t\t\t\t\t\t\t\t\t\t\t<figure class=\"wp-caption\">\n\t\t\t\t\t\t\t\t\t\t<img decoding=\"async\" src=\"https:\/\/clubphotosaintcezaire.org\/wp-content\/uploads\/2024\/01\/milkyway-4637027_1280-600x600.jpg\" title=\"milkyway-4637027_1280\" alt=\"milkyway-4637027_1280\" class=\"elementor-animation-bounce-in\" loading=\"lazy\" \/>\t\t\t\t\t\t\t\t\t\t\t<figcaption class=\"widget-image-caption wp-caption-text\">ASTROPHOTOGRAPHIE<\/figcaption>\n\t\t\t\t\t\t\t\t\t\t<\/figure>\n\t\t\t\t\t\t\t\t\t<\/div>\n\t\t\t\t<\/div>\n\t\t\t\t<\/div>\n\t\t<div class=\"elementor-element elementor-element-2dea9e7 e-con-full e-flex e-con e-child\" data-id=\"2dea9e7\" data-element_type=\"container\">\n\t\t\t\t<div class=\"elementor-element elementor-element-fa75abb elementor-widget elementor-widget-image\" data-id=\"fa75abb\" data-element_type=\"widget\" data-widget_type=\"image.default\">\n\t\t\t\t<div class=\"elementor-widget-container\">\n\t\t\t\t\t\t\t\t\t\t\t\t<figure class=\"wp-caption\">\n\t\t\t\t\t\t\t\t\t\t<img decoding=\"async\" src=\"https:\/\/clubphotosaintcezaire.org\/wp-content\/uploads\/2024\/01\/pumpkin-2777780_1280-600x600.jpg\" title=\"pumpkin-2777780_1280\" alt=\"pumpkin-2777780_1280\" class=\"elementor-animation-bounce-in\" loading=\"lazy\" \/>\t\t\t\t\t\t\t\t\t\t\t<figcaption class=\"widget-image-caption wp-caption-text\">ENCADREMENTS<\/figcaption>\n\t\t\t\t\t\t\t\t\t\t<\/figure>\n\t\t\t\t\t\t\t\t\t<\/div>\n\t\t\t\t<\/div>\n\t\t\t\t<\/div>\n\t\t<div class=\"elementor-element elementor-element-fbf7cbb e-con-full e-flex e-con e-child\" data-id=\"fbf7cbb\" data-element_type=\"container\">\n\t\t\t\t<div class=\"elementor-element elementor-element-9579a5b elementor-widget elementor-widget-image\" data-id=\"9579a5b\" data-element_type=\"widget\" data-widget_type=\"image.default\">\n\t\t\t\t<div class=\"elementor-widget-container\">\n\t\t\t\t\t\t\t\t\t\t\t\t<figure class=\"wp-caption\">\n\t\t\t\t\t\t\t\t\t\t<img decoding=\"async\" src=\"https:\/\/clubphotosaintcezaire.org\/wp-content\/uploads\/2024\/01\/insect-7016010_1280-600x600.jpg\" title=\"insect-7016010_1280\" alt=\"insect-7016010_1280\" class=\"elementor-animation-bounce-in\" loading=\"lazy\" \/>\t\t\t\t\t\t\t\t\t\t\t<figcaption class=\"widget-image-caption wp-caption-text\">MACROPHOTOGRAPHIE<\/figcaption>\n\t\t\t\t\t\t\t\t\t\t<\/figure>\n\t\t\t\t\t\t\t\t\t<\/div>\n\t\t\t\t<\/div>\n\t\t\t\t<\/div>\n\t\t<div class=\"elementor-element elementor-element-8fec040 e-con-full e-flex e-con e-child\" data-id=\"8fec040\" data-element_type=\"container\">\n\t\t\t\t<div class=\"elementor-element elementor-element-10abc28 elementor-widget elementor-widget-image\" data-id=\"10abc28\" data-element_type=\"widget\" data-widget_type=\"image.default\">\n\t\t\t\t<div class=\"elementor-widget-container\">\n\t\t\t\t\t\t\t\t\t\t\t\t<figure class=\"wp-caption\">\n\t\t\t\t\t\t\t\t\t\t<img decoding=\"async\" src=\"https:\/\/clubphotosaintcezaire.org\/wp-content\/uploads\/2024\/01\/technology-2589463_1280-600x600.jpg\" title=\"technology-2589463_1280\" alt=\"technology-2589463_1280\" class=\"elementor-animation-bounce-in\" loading=\"lazy\" \/>\t\t\t\t\t\t\t\t\t\t\t<figcaption class=\"widget-image-caption wp-caption-text\">VIDEO<\/figcaption>\n\t\t\t\t\t\t\t\t\t\t<\/figure>\n\t\t\t\t\t\t\t\t\t<\/div>\n\t\t\t\t<\/div>\n\t\t\t\t<\/div>\n\t\t\t\t\t<\/div>\n\t\t\t\t<\/div>\n\t\t<div class=\"elementor-element elementor-element-c11ebc8 e-flex e-con-boxed e-con e-parent\" data-id=\"c11ebc8\" data-element_type=\"container\">\n\t\t\t\t\t<div class=\"e-con-inner\">\n\t\t\t\t<div class=\"elementor-element elementor-element-044588f elementor-widget elementor-widget-spacer\" data-id=\"044588f\" data-element_type=\"widget\" data-widget_type=\"spacer.default\">\n\t\t\t\t<div class=\"elementor-widget-container\">\n\t\t\t\t\t\t\t<div class=\"elementor-spacer\">\n\t\t\t<div class=\"elementor-spacer-inner\"><\/div>\n\t\t<\/div>\n\t\t\t\t\t\t<\/div>\n\t\t\t\t<\/div>\n\t\t\t\t\t<\/div>\n\t\t\t\t<\/div>\n\t\t<div class=\"elementor-element elementor-element-5b87045 e-flex e-con-boxed e-con e-parent\" data-id=\"5b87045\" data-element_type=\"container\">\n\t\t\t\t\t<div class=\"e-con-inner\">\n\t\t\t\t<div class=\"elementor-element elementor-element-53e5b26 elementor-widget elementor-widget-heading\" data-id=\"53e5b26\" data-element_type=\"widget\" data-widget_type=\"heading.default\">\n\t\t\t\t<div class=\"elementor-widget-container\">\n\t\t\t\t\t<h2 class=\"elementor-heading-title elementor-size-default\">R\u00c9UNIONS<\/h2>\t\t\t\t<\/div>\n\t\t\t\t<\/div>\n\t\t\t\t\t<\/div>\n\t\t\t\t<\/div>\n\t\t<div class=\"elementor-element elementor-element-0dacfe9 e-flex e-con-boxed e-con e-parent\" data-id=\"0dacfe9\" data-element_type=\"container\">\n\t\t\t\t\t<div class=\"e-con-inner\">\n\t\t\t\t<div class=\"elementor-element elementor-element-cefecfc elementor-widget elementor-widget-spacer\" data-id=\"cefecfc\" data-element_type=\"widget\" data-widget_type=\"spacer.default\">\n\t\t\t\t<div class=\"elementor-widget-container\">\n\t\t\t\t\t\t\t<div class=\"elementor-spacer\">\n\t\t\t<div class=\"elementor-spacer-inner\"><\/div>\n\t\t<\/div>\n\t\t\t\t\t\t<\/div>\n\t\t\t\t<\/div>\n\t\t\t\t\t<\/div>\n\t\t\t\t<\/div>\n\t\t<div class=\"elementor-element elementor-element-5fc337a e-flex e-con-boxed e-con e-parent\" data-id=\"5fc337a\" data-element_type=\"container\">\n\t\t\t\t\t<div class=\"e-con-inner\">\n\t\t\t\t<div class=\"elementor-element elementor-element-e481655 elementor-widget elementor-widget-text-editor\" data-id=\"e481655\" data-element_type=\"widget\" data-widget_type=\"text-editor.default\">\n\t\t\t\t<div class=\"elementor-widget-container\">\n\t\t\t\t\t\t\t\t\t<p><strong>Toutes les r\u00e9unions et tous les ateliers les lundi, mardi et vendredi ont lieu Salle Romarin \u00e0 l\u2019Espace Terre de Siagne<\/strong><\/p>\t\t\t\t\t\t\t\t<\/div>\n\t\t\t\t<\/div>\n\t\t\t\t\t<\/div>\n\t\t\t\t<\/div>\n\t\t<div class=\"elementor-element elementor-element-b4520d1 e-flex e-con-boxed e-con e-parent\" data-id=\"b4520d1\" data-element_type=\"container\">\n\t\t\t\t\t<div class=\"e-con-inner\">\n\t\t\t\t<div class=\"elementor-element elementor-element-caede66 elementor-widget elementor-widget-spacer\" data-id=\"caede66\" data-element_type=\"widget\" data-widget_type=\"spacer.default\">\n\t\t\t\t<div class=\"elementor-widget-container\">\n\t\t\t\t\t\t\t<div class=\"elementor-spacer\">\n\t\t\t<div class=\"elementor-spacer-inner\"><\/div>\n\t\t<\/div>\n\t\t\t\t\t\t<\/div>\n\t\t\t\t<\/div>\n\t\t\t\t\t<\/div>\n\t\t\t\t<\/div>\n\t\t<div class=\"elementor-element elementor-element-c26bf85 e-flex e-con-boxed e-con e-parent\" data-id=\"c26bf85\" data-element_type=\"container\">\n\t\t\t\t\t<div class=\"e-con-inner\">\n\t\t\t\t<div class=\"elementor-element elementor-element-c5b3c37 elementor-widget elementor-widget-text-editor\" data-id=\"c5b3c37\" data-element_type=\"widget\" data-widget_type=\"text-editor.default\">\n\t\t\t\t<div class=\"elementor-widget-container\">\n\t\t\t\t\t\t\t\t\t<p><strong>Les 1er et 3\u00e8me vendredi du mois de 18h30 \u00e0 20h30<\/strong> sont consacr\u00e9s \u00e0 des r\u00e9unions pl\u00e9ni\u00e8res.<\/p><p>Chacun pr\u00e9sente ses photos qui sont comment\u00e9es par l\u2019ensemble des participants dans un but d\u2019am\u00e9lioration et de progression.<\/p><p>Ce sont aussi des soir\u00e9es d\u2019\u00e9changes et de discussions sur des sujets techniques ou artistiques susceptibles d\u2019am\u00e9liorer les connaissances de chacun.<\/p><p>Ce peut \u00eatre l\u2019occasion de pr\u00e9senter des photographes, des livres ou des expositions.<\/p><p>Vie du Club, calendrier des sorties, animations, expositions voyages \u2026<\/p>\t\t\t\t\t\t\t\t<\/div>\n\t\t\t\t<\/div>\n\t\t\t\t\t<\/div>\n\t\t\t\t<\/div>\n\t\t<div class=\"elementor-element elementor-element-767da60 e-flex e-con-boxed e-con e-parent\" data-id=\"767da60\" data-element_type=\"container\">\n\t\t\t\t\t<div class=\"e-con-inner\">\n\t\t\t\t<div class=\"elementor-element elementor-element-9680944 elementor-widget elementor-widget-spacer\" data-id=\"9680944\" data-element_type=\"widget\" data-widget_type=\"spacer.default\">\n\t\t\t\t<div class=\"elementor-widget-container\">\n\t\t\t\t\t\t\t<div class=\"elementor-spacer\">\n\t\t\t<div class=\"elementor-spacer-inner\"><\/div>\n\t\t<\/div>\n\t\t\t\t\t\t<\/div>\n\t\t\t\t<\/div>\n\t\t\t\t\t<\/div>\n\t\t\t\t<\/div>\n\t\t<div class=\"elementor-element elementor-element-1907380 e-flex e-con-boxed e-con e-parent\" data-id=\"1907380\" data-element_type=\"container\">\n\t\t\t\t\t<div class=\"e-con-inner\">\n\t\t\t\t<div class=\"elementor-element elementor-element-d8c3b68 elementor-widget elementor-widget-text-editor\" data-id=\"d8c3b68\" data-element_type=\"widget\" data-widget_type=\"text-editor.default\">\n\t\t\t\t<div class=\"elementor-widget-container\">\n\t\t\t\t\t\t\t\t\t<p><strong>Tous les lundi et mardi de 18h00 \u00e0 20h00<\/strong> se tiennent des ateliers dont le programme est fix\u00e9 environ un trimestre \u00e0 l\u2019avance.<\/p>\t\t\t\t\t\t\t\t<\/div>\n\t\t\t\t<\/div>\n\t\t\t\t\t<\/div>\n\t\t\t\t<\/div>\n\t\t<div class=\"elementor-element elementor-element-c2d3e80 e-flex e-con-boxed e-con e-parent\" data-id=\"c2d3e80\" data-element_type=\"container\">\n\t\t\t\t\t<div class=\"e-con-inner\">\n\t\t\t\t<div class=\"elementor-element elementor-element-b9c1d99 elementor-widget elementor-widget-spacer\" data-id=\"b9c1d99\" data-element_type=\"widget\" data-widget_type=\"spacer.default\">\n\t\t\t\t<div class=\"elementor-widget-container\">\n\t\t\t\t\t\t\t<div class=\"elementor-spacer\">\n\t\t\t<div class=\"elementor-spacer-inner\"><\/div>\n\t\t<\/div>\n\t\t\t\t\t\t<\/div>\n\t\t\t\t<\/div>\n\t\t\t\t\t<\/div>\n\t\t\t\t<\/div>\n\t\t<div class=\"elementor-element elementor-element-2008b17 e-flex e-con-boxed e-con e-parent\" data-id=\"2008b17\" data-element_type=\"container\">\n\t\t\t\t\t<div class=\"e-con-inner\">\n\t\t\t\t<div class=\"elementor-element elementor-element-cd35c98 elementor-widget elementor-widget-image\" data-id=\"cd35c98\" data-element_type=\"widget\" data-widget_type=\"image.default\">\n\t\t\t\t<div class=\"elementor-widget-container\">\n\t\t\t\t\t\t\t\t\t\t\t\t\t\t\t<img decoding=\"async\" src=\"https:\/\/clubphotosaintcezaire.org\/wp-content\/uploads\/2024\/03\/Logo_ETS_H.png\" title=\"Logo_ETS_H\" alt=\"Logo_ETS_H\" loading=\"lazy\" \/>\t\t\t\t\t\t\t\t\t\t\t\t\t\t\t<\/div>\n\t\t\t\t<\/div>\n\t\t\t\t\t<\/div>\n\t\t\t\t<\/div>\n\t\t<div class=\"elementor-element elementor-element-9adf8e3 e-flex e-con-boxed e-con e-parent\" data-id=\"9adf8e3\" data-element_type=\"container\">\n\t\t\t\t\t<div class=\"e-con-inner\">\n\t\t\t\t<div class=\"elementor-element elementor-element-da25770 elementor-widget elementor-widget-google_maps\" data-id=\"da25770\" data-element_type=\"widget\" data-widget_type=\"google_maps.default\">\n\t\t\t\t<div class=\"elementor-widget-container\">\n\t\t\t\t\t\t\t<div class=\"elementor-custom-embed\">\n\t\t\t<iframe loading=\"lazy\"\n\t\t\t\t\tsrc=\"https:\/\/maps.google.com\/maps?q=Espace%20terre%20de%20siagne&#038;t=m&#038;z=13&#038;output=embed&#038;iwloc=near\"\n\t\t\t\t\ttitle=\"Espace terre de siagne\"\n\t\t\t\t\taria-label=\"Espace terre de siagne\"\n\t\t\t><\/iframe>\n\t\t<\/div>\n\t\t\t\t\t\t<\/div>\n\t\t\t\t<\/div>\n\t\t\t\t\t<\/div>\n\t\t\t\t<\/div>\n\t\t\t\t<\/div>\n\t\t","protected":false},"excerpt":{"rendered":"<p>ATELIERS Ce n\u2019est pas un super mat\u00e9riel qui fait une belle photo, c&rsquo;est l&rsquo;\u0153il du photographe ! ATELIERS PRISE DE VUE POST-PRODUCTION PHOTO STUDIO DIAPORAMAS ATELIERS PR\u00c9VISIONNELS ASTROPHOTOGRAPHIE ENCADREMENTS MACROPHOTOGRAPHIE&#8230;<\/p>\n","protected":false},"author":1,"featured_media":0,"parent":0,"menu_order":0,"comment_status":"closed","ping_status":"closed","template":"elementor_theme","meta":{"om_disable_all_campaigns":false,"_monsterinsights_skip_tracking":false,"_monsterinsights_sitenote_active":false,"_monsterinsights_sitenote_note":"","_monsterinsights_sitenote_category":0,"_kadence_starter_templates_imported_post":false,"_kad_post_transparent":"","_kad_post_title":"","_kad_post_layout":"","_kad_post_sidebar_id":"","_kad_post_content_style":"","_kad_post_vertical_padding":"","_kad_post_feature":"","_kad_post_feature_position":"","_kad_post_header":false,"_kad_post_footer":false,"_kad_post_classname":"","footnotes":""},"folder":[],"aioseo_notices":[],"_links":{"self":[{"href":"https:\/\/clubphotosaintcezaire.org\/index.php\/wp-json\/wp\/v2\/pages\/51"}],"collection":[{"href":"https:\/\/clubphotosaintcezaire.org\/index.php\/wp-json\/wp\/v2\/pages"}],"about":[{"href":"https:\/\/clubphotosaintcezaire.org\/index.php\/wp-json\/wp\/v2\/types\/page"}],"author":[{"embeddable":true,"href":"https:\/\/clubphotosaintcezaire.org\/index.php\/wp-json\/wp\/v2\/users\/1"}],"replies":[{"embeddable":true,"href":"https:\/\/clubphotosaintcezaire.org\/index.php\/wp-json\/wp\/v2\/comments?post=51"}],"version-history":[{"count":46,"href":"https:\/\/clubphotosaintcezaire.org\/index.php\/wp-json\/wp\/v2\/pages\/51\/revisions"}],"predecessor-version":[{"id":2546,"href":"https:\/\/clubphotosaintcezaire.org\/index.php\/wp-json\/wp\/v2\/pages\/51\/revisions\/2546"}],"wp:attachment":[{"href":"https:\/\/clubphotosaintcezaire.org\/index.php\/wp-json\/wp\/v2\/media?parent=51"}],"wp:term":[{"taxonomy":"folder","embeddable":true,"href":"https:\/\/clubphotosaintcezaire.org\/index.php\/wp-json\/wp\/v2\/folder?post=51"}],"curies":[{"name":"wp","href":"https:\/\/api.w.org\/{rel}","templated":true}]}}